{"id":1646,"date":"2024-05-14T15:04:52","date_gmt":"2024-05-14T18:04:52","guid":{"rendered":"https:\/\/ipatagonic.com\/it-news\/"},"modified":"2024-07-03T17:22:12","modified_gmt":"2024-07-03T20:22:12","slug":"noticias-ti","status":"publish","type":"page","link":"https:\/\/ipatagonic.com\/es\/noticias-ti\/","title":{"rendered":"Noticias TI"},"content":{"rendered":"\t\t<div data-elementor-type=\"wp-page\" data-elementor-id=\"1646\" class=\"elementor elementor-1646 elementor-23\" data-elementor-post-type=\"page\">\n\t\t\t\t<div class=\"elementor-element elementor-element-cfcd017 e-flex e-con-boxed e-con e-parent\" data-id=\"cfcd017\" data-element_type=\"container\" data-e-type=\"container\" data-settings=\"{&quot;background_background&quot;:&quot;classic&quot;}\">\n\t\t\t\t\t<div class=\"e-con-inner\">\n\t\t\t\t<div class=\"elementor-element elementor-element-3f988cc elementor-widget elementor-widget-ucaddon_gradient_text_effect\" data-id=\"3f988cc\" data-element_type=\"widget\" data-e-type=\"widget\" data-widget_type=\"ucaddon_gradient_text_effect.default\">\n\t\t\t\t<div class=\"elementor-widget-container\">\n\t\t\t\t\t\n<!-- start Gradient Text Effect -->\n<style>\/* widget: Gradient Text Effect *\/\n\n#uc_gradient_text_effect_elementor_3f988cc .ue_gradient_text{\n  color: #186170;\n}\n\n@supports ((background-clip: text) or (-webkit-background-clip: text)) and ((text-fill-color: transparent) or (-webkit-text-fill-color: transparent)) {\n  #uc_gradient_text_effect_elementor_3f988cc .ue_gradient_text{\n    background-image: linear-gradient(\n      90deg,\n      #186170 0%,\n      #1BB2B0 100%\n    );\n    background-size: cover;\n    -webkit-background-clip: text;\n    background-clip: text;\n    -webkit-text-fill-color: transparent;\n    text-fill-color: transparent;\n    display:inline-block;\n    \n  }\n  #uc_gradient_text_effect_elementor_3f988cc .ue_gradient_text::selection {\n    -webkit-text-fill-color: #474747;\n  }\n}\n\n<\/style>\n\n<div id=\"uc_gradient_text_effect_elementor_3f988cc\" class=\"ue-text\">\n  <span class=\"ue_beginning_text\"> <\/span> \n  <span class=\"ue_gradient_text\"> Noticias TI <\/span>\n  <span class=\"ue_ending_text\">  <\/span>\n<\/div>\n<!-- end Gradient Text Effect -->\t\t\t\t<\/div>\n\t\t\t\t<\/div>\n\t\t\t\t<div class=\"elementor-element elementor-element-bb8a51f elementor-widget elementor-widget-ucaddon_post_magazine_grid\" data-id=\"bb8a51f\" data-element_type=\"widget\" data-e-type=\"widget\" data-widget_type=\"ucaddon_post_magazine_grid.default\">\n\t\t\t\t<div class=\"elementor-widget-container\">\n\t\t\t\t\t\n<!-- start Post Magazine Grid -->\n\t\t<link id='font-awesome-css' href='https:\/\/ipatagonic.com\/wp-content\/plugins\/unlimited-elements-for-elementor-premium\/assets_libraries\/font-awesome6\/fontawesome-all.min.css' type='text\/css' rel='stylesheet' >\n\t\t<link id='font-awesome-4-shim-css' href='https:\/\/ipatagonic.com\/wp-content\/plugins\/unlimited-elements-for-elementor-premium\/assets_libraries\/font-awesome6\/fontawesome-v4-shims.min.css' type='text\/css' rel='stylesheet' >\n\n<style>\/* widget: Post Magazine Grid *\/\n\n\n\n#uc_post_magazine_grid_elementor_bb8a51f *\n{\n  box-sizing:border-box;\n}\n#uc_post_magazine_grid_elementor_bb8a51f\n{\n  display: grid;\n  grid-auto-rows: 1fr;\n}\n\n#uc_post_magazine_grid_elementor_bb8a51f div.ue-grid-item\n{\n  overflow:hidden;\n  display:flex;\n  position:relative;\n}\n\n#uc_post_magazine_grid_elementor_bb8a51f .ue-grid-item-image img\n{\n  width:100%;\n  display:block;\n}\n\n\n#uc_post_magazine_grid_elementor_bb8a51f.ue-layout-cover .ue-grid-item-image\n{\n  position:absolute;\n  top:0;\n  left:0;\n  bottom:0;\n  right:0;\n}\n\n#uc_post_magazine_grid_elementor_bb8a51f.ue-layout-cover .ue-grid-item-image img\n{\n  height:100%;\n  object-fit: cover;\n}\n\n#uc_post_magazine_grid_elementor_bb8a51f.ue-layout-cover .ue-grid-item-content\n{\n  position:absolute;\n  width:100%;\n  bottom:0px;\n}\n\n#uc_post_magazine_grid_elementor_bb8a51f .ue-grid-item-image-overlay\n{\n  position:absolute;\n  width:100%;\n  top:0;\n  display:block;\n  bottom:0;\n  height:100%;\n  transition:0.3s;\n}\n\n.ue-grid-item-title a\n{\n  font-size:21px;\n  font-weight:bold;\n}\n\n.ue-grid-item-category a\n{\n  display:inline-block;\n  font-size:10px;\n  text-transform:uppercase;\n}\n\n#uc_post_magazine_grid_elementor_bb8a51f .uc_more_btn{\n\n  text-align:center;\n  text-decoration:none;\n  transition:0.3s;\n}\n\n#uc_post_magazine_grid_elementor_bb8a51f .ue-grid-item-meta-data\n{\n  display:flex;\n  flex-wrap: wrap;\n}\n\n.ue-grid-item-meta-data\n{\n  font-size:12px;\n}\n\n#uc_post_magazine_grid_elementor_bb8a51f .ue-grid-item-meta-data-icon\n{\n  line-height:1em;\n}\n\n#uc_post_magazine_grid_elementor_bb8a51f .ue-grid-item-meta-data-icon svg\n{\n  width:1em;\n  height:1em;\n}\n\n\n\n#uc_post_magazine_grid_elementor_bb8a51f .ue-date-calendar\n{\n      position:absolute;\n      top:0px;\n     left:0px;\n     text-align:center;\n    }\n\n@media only screen and (max-width: 600px) {\n  #uc_post_magazine_grid_elementor_bb8a51f div.ue-grid-item\n  {\n    grid-column: span 1;\n    grid-row: span 1;\n  }\n  #uc_post_magazine_grid_elementor_bb8a51f\n  {\n  grid-template-columns: repeat(1, 1fr);\n  }\n}\n\n<\/style>\n\n<div id=\"uc_post_magazine_grid_elementor_bb8a51f\" class=\"post_magazine_grid ue-layout-cover uc-items-wrapper\" >\n\t\n<div class=\"ue-grid-item\">\n  \n\t<div class=\"ue-grid-item-image\">\n       \n          <img loading=\"lazy\" decoding=\"async\" src=\"https:\/\/ipatagonic.com\/wp-content\/uploads\/2024\/06\/online-4208112_1280.jpg\"  src=\"https:\/\/ipatagonic.com\/wp-content\/uploads\/2024\/06\/online-4208112_1280.jpg\" alt=\"online-4208112_1280\" width=\"1280\" height=\"853\">  \n      \t\n\t        \n      <a class=\"ue-grid-item-image-overlay\" href=\"https:\/\/ipatagonic.com\/es\/por-que-muchos-proyectos-de-ia-fracasan-antes-del-modelo\/\" aria-label=\"Read more about Por qu\u00e9 muchos proyectos de IA fracasan antes del modelo\" ><\/a>\n    <\/div>\n    <div class=\"ue-grid-item-content\">\n      \n                <div class=\"ue-grid-item-meta-data\">\n    <div class=\"ue-grid-item-meta-data-date\"><span class=\"ue-grid-item-meta-data-icon\"><i class=''><\/i><\/span> 07 mayo, 2026<\/div>                  \n  <\/div>\n      \n      <div class=\"ue-grid-item-title\"><a href=\"https:\/\/ipatagonic.com\/es\/por-que-muchos-proyectos-de-ia-fracasan-antes-del-modelo\/\">Por qu\u00e9 muchos proyectos de IA fracasan antes del modelo<\/a><\/div>      \n            \n      <div class=\"ue-grid-item-intro\">La mayor\u00eda de las empresas cree que el \u00e9xito de un proyecto de Inteligencia Artificial depende...<\/div>          <\/div>\n  \n    \n    \n  \n<\/div>\n\n<div class=\"ue-grid-item\">\n  \n\t<div class=\"ue-grid-item-image\">\n       \n          <img loading=\"lazy\" decoding=\"async\" src=\"https:\/\/ipatagonic.com\/wp-content\/uploads\/2025\/04\/que-es-inteligencia-artificial.jpg.webp\"  src=\"https:\/\/ipatagonic.com\/wp-content\/uploads\/2025\/04\/que-es-inteligencia-artificial.jpg.webp\" alt=\"que-es-inteligencia-artificial\" width=\"1300\" height=\"830\">  \n      \t\n\t        \n      <a class=\"ue-grid-item-image-overlay\" href=\"https:\/\/ipatagonic.com\/es\/el-futuro-de-la-conversacion-entre-humanos-y-maquinas-de-la-ciencia-ficcion-a-nuestra-cotidianidad\/\" aria-label=\"Read more about El futuro de la conversaci\u00f3n entre Humanos y M\u00e1quinas: De la ciencia ficci\u00f3n a nuestra cotidianidad.\" ><\/a>\n    <\/div>\n    <div class=\"ue-grid-item-content\">\n      \n                <div class=\"ue-grid-item-meta-data\">\n    <div class=\"ue-grid-item-meta-data-date\"><span class=\"ue-grid-item-meta-data-icon\"><i class=''><\/i><\/span> 26 abril, 2025<\/div>                  \n  <\/div>\n      \n      <div class=\"ue-grid-item-title\"><a href=\"https:\/\/ipatagonic.com\/es\/el-futuro-de-la-conversacion-entre-humanos-y-maquinas-de-la-ciencia-ficcion-a-nuestra-cotidianidad\/\">El futuro de la conversaci\u00f3n entre Humanos y M\u00e1quinas: De la ciencia ficci\u00f3n a nuestra cotidianidad.<\/a><\/div>      \n            \n      <div class=\"ue-grid-item-intro\">@copyright\n\n&nbsp;\nHace no tanto tiempo, hablarle a una m\u00e1quina podr\u00eda haber parecido una excentricidad,...<\/div>          <\/div>\n  \n    \n    \n  \n<\/div>\n\n<div class=\"ue-grid-item\">\n  \n\t<div class=\"ue-grid-item-image\">\n       \n          <img loading=\"lazy\" decoding=\"async\" src=\"https:\/\/ipatagonic.com\/wp-content\/uploads\/2025\/04\/20250415_0738_Trabajador-Mitad-Humanoide_simple_compose_01jrwkrnzpft98bajj950sx99t.jpg\"  src=\"https:\/\/ipatagonic.com\/wp-content\/uploads\/2025\/04\/20250415_0738_Trabajador-Mitad-Humanoide_simple_compose_01jrwkrnzpft98bajj950sx99t.jpg\" alt=\"20250415_0738_Trabajador Mitad Humanoide_simple_compose_01jrwkrnzpft98bajj950sx99t\" width=\"1536\" height=\"1024\">  \n      \t\n\t        \n      <a class=\"ue-grid-item-image-overlay\" href=\"https:\/\/ipatagonic.com\/es\/contratar-un-agente-digital-el-nuevo-paradigma-laboral-impulsado-por-la-inteligencia-artificial\/\" aria-label=\"Read more about Contratar un agente digital: el nuevo paradigma laboral impulsado por la Inteligencia Artificial\" ><\/a>\n    <\/div>\n    <div class=\"ue-grid-item-content\">\n      \n                <div class=\"ue-grid-item-meta-data\">\n    <div class=\"ue-grid-item-meta-data-date\"><span class=\"ue-grid-item-meta-data-icon\"><i class=''><\/i><\/span> 15 abril, 2025<\/div>                  \n  <\/div>\n      \n      <div class=\"ue-grid-item-title\"><a href=\"https:\/\/ipatagonic.com\/es\/contratar-un-agente-digital-el-nuevo-paradigma-laboral-impulsado-por-la-inteligencia-artificial\/\">Contratar un agente digital: el nuevo paradigma laboral impulsado por la Inteligencia Artificial<\/a><\/div>      \n            \n      <div class=\"ue-grid-item-intro\">Del CV al prompt: cuando los empleados son algoritmos\nEn el mundo tradicional, contratar a...<\/div>          <\/div>\n  \n    \n    \n  \n<\/div>\n\n<div class=\"ue-grid-item\">\n  \n\t<div class=\"ue-grid-item-image\">\n       \n          <img loading=\"lazy\" decoding=\"async\" src=\"https:\/\/ipatagonic.com\/wp-content\/uploads\/2025\/02\/E0D4FDDE-0C07-42B0-B3E0-A01644445FAF_1_201_a.jpeg\"  src=\"https:\/\/ipatagonic.com\/wp-content\/uploads\/2025\/02\/E0D4FDDE-0C07-42B0-B3E0-A01644445FAF_1_201_a.jpeg\" alt=\"E0D4FDDE-0C07-42B0-B3E0-A01644445FAF_1_201_a\" width=\"1920\" height=\"1079\">  \n      \t\n\t        \n      <a class=\"ue-grid-item-image-overlay\" href=\"https:\/\/ipatagonic.com\/es\/the-growth-of-quantum-computing\/\" aria-label=\"Read more about El crecimiento de la inform\u00e1tica cu\u00e1ntica\" ><\/a>\n    <\/div>\n    <div class=\"ue-grid-item-content\">\n      \n                <div class=\"ue-grid-item-meta-data\">\n    <div class=\"ue-grid-item-meta-data-date\"><span class=\"ue-grid-item-meta-data-icon\"><i class=''><\/i><\/span> 25 febrero, 2025<\/div>                  \n  <\/div>\n      \n      <div class=\"ue-grid-item-title\"><a href=\"https:\/\/ipatagonic.com\/es\/the-growth-of-quantum-computing\/\">El crecimiento de la inform\u00e1tica cu\u00e1ntica<\/a><\/div>      \n            \n      <div class=\"ue-grid-item-intro\">&nbsp;\n\n&nbsp;\nHace unos d\u00edas, tuve la oportunidad de ver un episodio sobre temas tecnol\u00f3gicos...<\/div>          <\/div>\n  \n    \n    \n  \n<\/div>\n\n<div class=\"ue-grid-item\">\n  \n\t<div class=\"ue-grid-item-image\">\n       \n          <img loading=\"lazy\" decoding=\"async\" src=\"https:\/\/ipatagonic.com\/wp-content\/uploads\/2025\/01\/teslamodelsautopilotsoftware70.jpg-e1737727470169.webp\"  src=\"https:\/\/ipatagonic.com\/wp-content\/uploads\/2025\/01\/teslamodelsautopilotsoftware70.jpg-e1737727470169.webp\" alt=\"teslamodelsautopilotsoftware70\" width=\"1024\" height=\"699\">  \n      \t\n\t        \n      <a class=\"ue-grid-item-image-overlay\" href=\"https:\/\/ipatagonic.com\/es\/el-papel-de-los-modelos-de-ia-en-el-full-self-driving-fsd-y-autopilot-de-tesla\/\" aria-label=\"Read more about El papel de los modelos de IA en la conducci\u00f3n aut\u00f3noma completa (FSD) y el piloto autom\u00e1tico de Tesla\" ><\/a>\n    <\/div>\n    <div class=\"ue-grid-item-content\">\n      \n                <div class=\"ue-grid-item-meta-data\">\n    <div class=\"ue-grid-item-meta-data-date\"><span class=\"ue-grid-item-meta-data-icon\"><i class=''><\/i><\/span> 24 enero, 2025<\/div>                  \n  <\/div>\n      \n      <div class=\"ue-grid-item-title\"><a href=\"https:\/\/ipatagonic.com\/es\/el-papel-de-los-modelos-de-ia-en-el-full-self-driving-fsd-y-autopilot-de-tesla\/\">El papel de los modelos de IA en la conducci\u00f3n aut\u00f3noma completa (FSD) y el piloto autom\u00e1tico de Tesla<\/a><\/div>      \n            \n      <div class=\"ue-grid-item-intro\">Tesla lleva mucho tiempo a la vanguardia de la tecnolog\u00eda de conducci\u00f3n aut\u00f3noma, y su \u00e9xito...<\/div>          <\/div>\n  \n    \n    \n  \n<\/div>\n\n<\/div>\n\n\n<!-- end Post Magazine Grid -->\t\t\t\t<\/div>\n\t\t\t\t<\/div>\n\t\t\t\t\t<\/div>\n\t\t\t\t<\/div>\n\t\t\t\t<\/div>\n\t\t","protected":false},"excerpt":{"rendered":"<p>Noticias TI No posts found<\/p>\n","protected":false},"author":1,"featured_media":0,"parent":0,"menu_order":0,"comment_status":"closed","ping_status":"closed","template":"","meta":{"_acf_changed":false,"footnotes":""},"class_list":["post-1646","page","type-page","status-publish","hentry"],"acf":[],"publishpress_future_action":{"enabled":false,"date":"2026-05-17 10:36:04","action":"change-status","newStatus":"draft","terms":[],"taxonomy":"translation_priority","extraData":[]},"publishpress_future_workflow_manual_trigger":{"enabledWorkflows":[]},"_links":{"self":[{"href":"https:\/\/ipatagonic.com\/es\/wp-json\/wp\/v2\/pages\/1646","targetHints":{"allow":["GET"]}}],"collection":[{"href":"https:\/\/ipatagonic.com\/es\/wp-json\/wp\/v2\/pages"}],"about":[{"href":"https:\/\/ipatagonic.com\/es\/wp-json\/wp\/v2\/types\/page"}],"author":[{"embeddable":true,"href":"https:\/\/ipatagonic.com\/es\/wp-json\/wp\/v2\/users\/1"}],"replies":[{"embeddable":true,"href":"https:\/\/ipatagonic.com\/es\/wp-json\/wp\/v2\/comments?post=1646"}],"version-history":[{"count":5,"href":"https:\/\/ipatagonic.com\/es\/wp-json\/wp\/v2\/pages\/1646\/revisions"}],"predecessor-version":[{"id":1651,"href":"https:\/\/ipatagonic.com\/es\/wp-json\/wp\/v2\/pages\/1646\/revisions\/1651"}],"wp:attachment":[{"href":"https:\/\/ipatagonic.com\/es\/wp-json\/wp\/v2\/media?parent=1646"}],"curies":[{"name":"wp","href":"https:\/\/api.w.org\/{rel}","templated":true}]}}