{"id":1641,"date":"2024-05-14T15:05:00","date_gmt":"2024-05-14T18:05:00","guid":{"rendered":"https:\/\/ipatagonic.com\/about\/"},"modified":"2024-07-03T17:20:16","modified_gmt":"2024-07-03T20:20:16","slug":"acerca-de","status":"publish","type":"page","link":"https:\/\/ipatagonic.com\/es\/acerca-de\/","title":{"rendered":"Acerca de"},"content":{"rendered":"\t\t<div data-elementor-type=\"wp-page\" data-elementor-id=\"1641\" class=\"elementor elementor-1641 elementor-25\" data-elementor-post-type=\"page\">\n\t\t\t\t<div class=\"elementor-element elementor-element-f6b0f45 e-flex e-con-boxed e-con e-parent\" data-id=\"f6b0f45\" data-element_type=\"container\" data-e-type=\"container\">\n\t\t\t\t\t<div class=\"e-con-inner\">\n\t\t<div class=\"elementor-element elementor-element-466d1a0 e-flex e-con-boxed e-con e-child\" data-id=\"466d1a0\" data-element_type=\"container\" data-e-type=\"container\" data-settings=\"{&quot;background_background&quot;:&quot;classic&quot;}\">\n\t\t\t\t\t<div class=\"e-con-inner\">\n\t\t\t\t<div class=\"elementor-element elementor-element-31fb166 elementor-widget elementor-widget-heading\" data-id=\"31fb166\" data-element_type=\"widget\" data-e-type=\"widget\" data-widget_type=\"heading.default\">\n\t\t\t\t<div class=\"elementor-widget-container\">\n\t\t\t\t\t<h2 class=\"elementor-heading-title elementor-size-default\">Acerca de<\/h2>\t\t\t\t<\/div>\n\t\t\t\t<\/div>\n\t\t\t\t<div class=\"elementor-element elementor-element-da81e8e elementor-widget elementor-widget-ucaddon_gradient_text_effect\" data-id=\"da81e8e\" data-element_type=\"widget\" data-e-type=\"widget\" data-widget_type=\"ucaddon_gradient_text_effect.default\">\n\t\t\t\t<div class=\"elementor-widget-container\">\n\t\t\t\t\t\n<!-- start Gradient Text Effect -->\n<style>\/* widget: Gradient Text Effect *\/\n\n#uc_gradient_text_effect_elementor_da81e8e .ue_gradient_text{\n  color: #E9EEED;\n}\n\n@supports ((background-clip: text) or (-webkit-background-clip: text)) and ((text-fill-color: transparent) or (-webkit-text-fill-color: transparent)) {\n  #uc_gradient_text_effect_elementor_da81e8e .ue_gradient_text{\n    background-image: linear-gradient(\n      90deg,\n      #E9EEED 0%,\n      #FFFFFF 100%\n    );\n    background-size: cover;\n    -webkit-background-clip: text;\n    background-clip: text;\n    -webkit-text-fill-color: transparent;\n    text-fill-color: transparent;\n    display:inline-block;\n    \n  }\n  #uc_gradient_text_effect_elementor_da81e8e .ue_gradient_text::selection {\n    -webkit-text-fill-color: #474747;\n  }\n}\n\n<\/style>\n\n<div id=\"uc_gradient_text_effect_elementor_da81e8e\" class=\"ue-text\">\n  <span class=\"ue_beginning_text\"> <\/span> \n  <span class=\"ue_gradient_text\"> iPatagonic Consulting Group <\/span>\n  <span class=\"ue_ending_text\">  <\/span>\n<\/div>\n<!-- end Gradient Text Effect -->\t\t\t\t<\/div>\n\t\t\t\t<\/div>\n\t\t\t\t\t<\/div>\n\t\t\t\t<\/div>\n\t\t\t\t\t<\/div>\n\t\t\t\t<\/div>\n\t\t<div class=\"elementor-element elementor-element-6f4495d e-flex e-con-boxed e-con e-parent\" data-id=\"6f4495d\" data-element_type=\"container\" data-e-type=\"container\" data-settings=\"{&quot;background_background&quot;:&quot;classic&quot;}\">\n\t\t\t\t\t<div class=\"e-con-inner\">\n\t\t<div class=\"elementor-element elementor-element-156d001 e-flex e-con-boxed e-con e-child\" data-id=\"156d001\" data-element_type=\"container\" data-e-type=\"container\">\n\t\t\t\t\t<div class=\"e-con-inner\">\n\t\t<div class=\"elementor-element elementor-element-4f4a3b2 e-con-full e-flex e-con e-child\" data-id=\"4f4a3b2\" data-element_type=\"container\" data-e-type=\"container\" data-settings=\"{&quot;background_background&quot;:&quot;classic&quot;}\">\n\t\t<div class=\"elementor-element elementor-element-fcd3454 e-con-full e-flex e-con e-child\" data-id=\"fcd3454\" data-element_type=\"container\" data-e-type=\"container\">\n\t\t\t\t<div class=\"elementor-element elementor-element-b641980 elementor-widget elementor-widget-text-editor\" data-id=\"b641980\" data-element_type=\"widget\" data-e-type=\"widget\" data-widget_type=\"text-editor.default\">\n\t\t\t\t<div class=\"elementor-widget-container\">\n\t\t\t\t\t\t\t\t\t<p><strong>iPatagonic Consulting Group<\/strong> es un proveedor l\u00edder de soluciones innovadoras de TI, dedicado a mejorar las operaciones comerciales a trav\u00e9s de tecnolog\u00eda de vanguardia. Fundado en 2011, nuestra misi\u00f3n ha sido empoderar a las empresas mediante la entrega de soluciones tecnol\u00f3gicas eficientes y escalables que impulsen el progreso y la rentabilidad. Nuestra sede est\u00e1 ubicada en Pilar-BA-Argentina y Fort Lauderdale-Florida-USA.<\/p>\t\t\t\t\t\t\t\t<\/div>\n\t\t\t\t<\/div>\n\t\t\t\t<\/div>\n\t\t<div class=\"elementor-element elementor-element-f8626f6 e-con-full e-flex e-con e-child\" data-id=\"f8626f6\" data-element_type=\"container\" data-e-type=\"container\" data-settings=\"{&quot;background_background&quot;:&quot;slideshow&quot;,&quot;background_slideshow_gallery&quot;:[{&quot;id&quot;:840,&quot;url&quot;:&quot;https:\\\/\\\/ipatagonic.com\\\/wp-content\\\/uploads\\\/2024\\\/06\\\/Office-2.jpg&quot;},{&quot;id&quot;:841,&quot;url&quot;:&quot;https:\\\/\\\/ipatagonic.com\\\/wp-content\\\/uploads\\\/2024\\\/06\\\/Office-1.jpg&quot;}],&quot;background_slideshow_slide_duration&quot;:4000,&quot;background_slideshow_transition_duration&quot;:600,&quot;background_slideshow_loop&quot;:&quot;yes&quot;,&quot;background_slideshow_slide_transition&quot;:&quot;fade&quot;}\">\n\t\t\t\t<\/div>\n\t\t\t\t<\/div>\n\t\t\t\t\t<\/div>\n\t\t\t\t<\/div>\n\t\t<div class=\"elementor-element elementor-element-c35ca51 e-flex e-con-boxed e-con e-child\" data-id=\"c35ca51\" data-element_type=\"container\" data-e-type=\"container\">\n\t\t\t\t\t<div class=\"e-con-inner\">\n\t\t<div class=\"elementor-element elementor-element-98a5554 e-flex e-con-boxed elementor-invisible e-con e-child\" data-id=\"98a5554\" data-element_type=\"container\" data-e-type=\"container\" data-settings=\"{&quot;animation&quot;:&quot;fadeIn&quot;}\">\n\t\t\t\t\t<div class=\"e-con-inner\">\n\t\t<div class=\"elementor-element elementor-element-cba7a12 e-flex e-con-boxed e-con e-child\" data-id=\"cba7a12\" data-element_type=\"container\" data-e-type=\"container\">\n\t\t\t\t\t<div class=\"e-con-inner\">\n\t\t\t\t<div class=\"elementor-element elementor-element-3283e2c bloqueimg elementor-widget elementor-widget-image\" data-id=\"3283e2c\" data-element_type=\"widget\" data-e-type=\"widget\" data-widget_type=\"image.default\">\n\t\t\t\t<div class=\"elementor-widget-container\">\n\t\t\t\t\t\t\t\t\t\t\t\t\t\t\t<img fetchpriority=\"high\" decoding=\"async\" width=\"800\" height=\"538\" src=\"https:\/\/ipatagonic.com\/wp-content\/uploads\/2024\/06\/Tres-con-pulover.jpg\" class=\"attachment-large size-large wp-image-1547\" alt=\"\" srcset=\"https:\/\/ipatagonic.com\/wp-content\/uploads\/2024\/06\/Tres-con-pulover.jpg 936w, https:\/\/ipatagonic.com\/wp-content\/uploads\/2024\/06\/Tres-con-pulover-300x202.jpg 300w, https:\/\/ipatagonic.com\/wp-content\/uploads\/2024\/06\/Tres-con-pulover-768x517.jpg 768w\" sizes=\"(max-width: 800px) 100vw, 800px\" \/>\t\t\t\t\t\t\t\t\t\t\t\t\t\t\t<\/div>\n\t\t\t\t<\/div>\n\t\t\t\t\t<\/div>\n\t\t\t\t<\/div>\n\t\t\t\t<div class=\"elementor-element elementor-element-13f2dfd elementor-widget elementor-widget-heading\" data-id=\"13f2dfd\" data-element_type=\"widget\" data-e-type=\"widget\" data-widget_type=\"heading.default\">\n\t\t\t\t<div class=\"elementor-widget-container\">\n\t\t\t\t\t<h2 class=\"elementor-heading-title elementor-size-default\">Experiencia e Innovaci\u00f3n<\/h2>\t\t\t\t<\/div>\n\t\t\t\t<\/div>\n\t\t\t\t<div class=\"elementor-element elementor-element-6d88b9f elementor-widget elementor-widget-text-editor\" data-id=\"6d88b9f\" data-element_type=\"widget\" data-e-type=\"widget\" data-widget_type=\"text-editor.default\">\n\t\t\t\t<div class=\"elementor-widget-container\">\n\t\t\t\t\t\t\t\t\t<p>Con un equipo de profesionales altamente capacitados, nos especializamos en una variedad de servicios de TI que incluyen computaci\u00f3n en la nube, IA y an\u00e1lisis de datos, aumento de personal en habilidades de TI y desarrollo de software personalizado. Nuestra posici\u00f3n de experiencia en transformar desaf\u00edos complejos de TI en oportunidades de negocio tangibles.<\/p>\t\t\t\t\t\t\t\t<\/div>\n\t\t\t\t<\/div>\n\t\t\t\t\t<\/div>\n\t\t\t\t<\/div>\n\t\t<div class=\"elementor-element elementor-element-a370747 e-flex e-con-boxed elementor-invisible e-con e-child\" data-id=\"a370747\" data-element_type=\"container\" data-e-type=\"container\" data-settings=\"{&quot;animation&quot;:&quot;fadeIn&quot;,&quot;animation_delay&quot;:200}\">\n\t\t\t\t\t<div class=\"e-con-inner\">\n\t\t<div class=\"elementor-element elementor-element-821c4f5 e-flex e-con-boxed e-con e-child\" data-id=\"821c4f5\" data-element_type=\"container\" data-e-type=\"container\">\n\t\t\t\t\t<div class=\"e-con-inner\">\n\t\t\t\t<div class=\"elementor-element elementor-element-c746c7c bloqueimg elementor-widget elementor-widget-image\" data-id=\"c746c7c\" data-element_type=\"widget\" data-e-type=\"widget\" data-widget_type=\"image.default\">\n\t\t\t\t<div class=\"elementor-widget-container\">\n\t\t\t\t\t\t\t\t\t\t\t\t\t\t\t<img decoding=\"async\" width=\"800\" height=\"533\" src=\"https:\/\/ipatagonic.com\/wp-content\/uploads\/2024\/06\/gerente-sonriente-hablando-telefono-movil_1262-16506-1024x682.jpg\" class=\"attachment-large size-large wp-image-1544\" alt=\"\" srcset=\"https:\/\/ipatagonic.com\/wp-content\/uploads\/2024\/06\/gerente-sonriente-hablando-telefono-movil_1262-16506-1024x682.jpg 1024w, https:\/\/ipatagonic.com\/wp-content\/uploads\/2024\/06\/gerente-sonriente-hablando-telefono-movil_1262-16506-300x200.jpg 300w, https:\/\/ipatagonic.com\/wp-content\/uploads\/2024\/06\/gerente-sonriente-hablando-telefono-movil_1262-16506-768x512.jpg 768w, https:\/\/ipatagonic.com\/wp-content\/uploads\/2024\/06\/gerente-sonriente-hablando-telefono-movil_1262-16506-1536x1024.jpg 1536w, https:\/\/ipatagonic.com\/wp-content\/uploads\/2024\/06\/gerente-sonriente-hablando-telefono-movil_1262-16506.jpg 2000w\" sizes=\"(max-width: 800px) 100vw, 800px\" \/>\t\t\t\t\t\t\t\t\t\t\t\t\t\t\t<\/div>\n\t\t\t\t<\/div>\n\t\t\t\t\t<\/div>\n\t\t\t\t<\/div>\n\t\t\t\t<div class=\"elementor-element elementor-element-b5d9f3e elementor-widget elementor-widget-heading\" data-id=\"b5d9f3e\" data-element_type=\"widget\" data-e-type=\"widget\" data-widget_type=\"heading.default\">\n\t\t\t\t<div class=\"elementor-widget-container\">\n\t\t\t\t\t<h2 class=\"elementor-heading-title elementor-size-default\">Enfoque Centrado en el Cliente<\/h2>\t\t\t\t<\/div>\n\t\t\t\t<\/div>\n\t\t\t\t<div class=\"elementor-element elementor-element-4047fe0 elementor-widget elementor-widget-text-editor\" data-id=\"4047fe0\" data-element_type=\"widget\" data-e-type=\"widget\" data-widget_type=\"text-editor.default\">\n\t\t\t\t<div class=\"elementor-widget-container\">\n\t\t\t\t\t\t\t\t\t<p>En iPatagonic Consulting Group, priorizamos las necesidades de nuestros clientes. Nuestro enfoque est\u00e1 dise\u00f1ado para satisfacer las demandas \u00fanicas de cada negocio, asegurando resultados \u00f3ptimos y crecimiento estrat\u00e9gico. Estamos comprometidos a proporcionar un servicio y apoyo excepcionales, fomentando asociaciones a largo plazo con nuestros clientes.<\/p>\t\t\t\t\t\t\t\t<\/div>\n\t\t\t\t<\/div>\n\t\t\t\t\t<\/div>\n\t\t\t\t<\/div>\n\t\t\t\t\t<\/div>\n\t\t\t\t<\/div>\n\t\t<div class=\"elementor-element elementor-element-74cfd95 e-flex e-con-boxed e-con e-child\" data-id=\"74cfd95\" data-element_type=\"container\" data-e-type=\"container\">\n\t\t\t\t\t<div class=\"e-con-inner\">\n\t\t<div class=\"elementor-element elementor-element-b1c9c31 e-flex e-con-boxed elementor-invisible e-con e-child\" data-id=\"b1c9c31\" data-element_type=\"container\" data-e-type=\"container\" data-settings=\"{&quot;animation&quot;:&quot;fadeIn&quot;,&quot;animation_delay&quot;:200}\">\n\t\t\t\t\t<div class=\"e-con-inner\">\n\t\t<div class=\"elementor-element elementor-element-28cc60f e-flex e-con-boxed e-con e-child\" data-id=\"28cc60f\" data-element_type=\"container\" data-e-type=\"container\">\n\t\t\t\t\t<div class=\"e-con-inner\">\n\t\t\t\t<div class=\"elementor-element elementor-element-034c013 bloqueimg elementor-widget elementor-widget-image\" data-id=\"034c013\" data-element_type=\"widget\" data-e-type=\"widget\" data-widget_type=\"image.default\">\n\t\t\t\t<div class=\"elementor-widget-container\">\n\t\t\t\t\t\t\t\t\t\t\t\t\t\t\t<img decoding=\"async\" width=\"800\" height=\"551\" src=\"https:\/\/ipatagonic.com\/wp-content\/uploads\/2024\/06\/analista-financiero-dando-consejos_1262-16099-1024x705.jpg\" class=\"attachment-large size-large wp-image-1543\" alt=\"\" srcset=\"https:\/\/ipatagonic.com\/wp-content\/uploads\/2024\/06\/analista-financiero-dando-consejos_1262-16099-1024x705.jpg 1024w, https:\/\/ipatagonic.com\/wp-content\/uploads\/2024\/06\/analista-financiero-dando-consejos_1262-16099-300x206.jpg 300w, https:\/\/ipatagonic.com\/wp-content\/uploads\/2024\/06\/analista-financiero-dando-consejos_1262-16099-768x528.jpg 768w, https:\/\/ipatagonic.com\/wp-content\/uploads\/2024\/06\/analista-financiero-dando-consejos_1262-16099-1536x1057.jpg 1536w, https:\/\/ipatagonic.com\/wp-content\/uploads\/2024\/06\/analista-financiero-dando-consejos_1262-16099.jpg 2000w\" sizes=\"(max-width: 800px) 100vw, 800px\" \/>\t\t\t\t\t\t\t\t\t\t\t\t\t\t\t<\/div>\n\t\t\t\t<\/div>\n\t\t\t\t\t<\/div>\n\t\t\t\t<\/div>\n\t\t\t\t<div class=\"elementor-element elementor-element-b14cb33 elementor-widget elementor-widget-heading\" data-id=\"b14cb33\" data-element_type=\"widget\" data-e-type=\"widget\" data-widget_type=\"heading.default\">\n\t\t\t\t<div class=\"elementor-widget-container\">\n\t\t\t\t\t<h2 class=\"elementor-heading-title elementor-size-default\">Alcance Global, Impacto Local<\/h2>\t\t\t\t<\/div>\n\t\t\t\t<\/div>\n\t\t\t\t<div class=\"elementor-element elementor-element-0f1465f elementor-widget elementor-widget-text-editor\" data-id=\"0f1465f\" data-element_type=\"widget\" data-e-type=\"widget\" data-widget_type=\"text-editor.default\">\n\t\t\t\t<div class=\"elementor-widget-container\">\n\t\t\t\t\t\t\t\t\t<p>Operamos en m\u00faltiples continentes, ofreciendo soluciones de TI que resuenan a nivel global mientras abordan los requisitos empresariales locales. Nuestra diversa clientela abarca varias industrias, desde startups hasta empresas de varios sectores (Retail, Log\u00edstica, Bancos y Finanzas, etc.), benefici\u00e1ndose de nuestra capacidad para adaptarnos e innovar.<\/p>\t\t\t\t\t\t\t\t<\/div>\n\t\t\t\t<\/div>\n\t\t\t\t\t<\/div>\n\t\t\t\t<\/div>\n\t\t<div class=\"elementor-element elementor-element-01f11f6 e-flex e-con-boxed elementor-invisible e-con e-child\" data-id=\"01f11f6\" data-element_type=\"container\" data-e-type=\"container\" data-settings=\"{&quot;animation&quot;:&quot;fadeIn&quot;,&quot;animation_delay&quot;:400}\">\n\t\t\t\t\t<div class=\"e-con-inner\">\n\t\t<div class=\"elementor-element elementor-element-615ba7a e-flex e-con-boxed e-con e-child\" data-id=\"615ba7a\" data-element_type=\"container\" data-e-type=\"container\">\n\t\t\t\t\t<div class=\"e-con-inner\">\n\t\t\t\t<div class=\"elementor-element elementor-element-8b4b39d bloqueimg elementor-widget elementor-widget-image\" data-id=\"8b4b39d\" data-element_type=\"widget\" data-e-type=\"widget\" data-widget_type=\"image.default\">\n\t\t\t\t<div class=\"elementor-widget-container\">\n\t\t\t\t\t\t\t\t\t\t\t\t\t\t\t<img loading=\"lazy\" decoding=\"async\" width=\"800\" height=\"533\" src=\"https:\/\/ipatagonic.com\/wp-content\/uploads\/2024\/06\/equipo-negocio-feliz-celebrando-inicio-exitoso_1262-16182-1024x682.jpg\" class=\"attachment-large size-large wp-image-1542\" alt=\"\" srcset=\"https:\/\/ipatagonic.com\/wp-content\/uploads\/2024\/06\/equipo-negocio-feliz-celebrando-inicio-exitoso_1262-16182-1024x682.jpg 1024w, https:\/\/ipatagonic.com\/wp-content\/uploads\/2024\/06\/equipo-negocio-feliz-celebrando-inicio-exitoso_1262-16182-300x200.jpg 300w, https:\/\/ipatagonic.com\/wp-content\/uploads\/2024\/06\/equipo-negocio-feliz-celebrando-inicio-exitoso_1262-16182-768x512.jpg 768w, https:\/\/ipatagonic.com\/wp-content\/uploads\/2024\/06\/equipo-negocio-feliz-celebrando-inicio-exitoso_1262-16182-1536x1024.jpg 1536w, https:\/\/ipatagonic.com\/wp-content\/uploads\/2024\/06\/equipo-negocio-feliz-celebrando-inicio-exitoso_1262-16182.jpg 2000w\" sizes=\"(max-width: 800px) 100vw, 800px\" \/>\t\t\t\t\t\t\t\t\t\t\t\t\t\t\t<\/div>\n\t\t\t\t<\/div>\n\t\t\t\t\t<\/div>\n\t\t\t\t<\/div>\n\t\t\t\t<div class=\"elementor-element elementor-element-75cb393 elementor-widget elementor-widget-heading\" data-id=\"75cb393\" data-element_type=\"widget\" data-e-type=\"widget\" data-widget_type=\"heading.default\">\n\t\t\t\t<div class=\"elementor-widget-container\">\n\t\t\t\t\t<h2 class=\"elementor-heading-title elementor-size-default\">Compromiso con la Excelencia<\/h2>\t\t\t\t<\/div>\n\t\t\t\t<\/div>\n\t\t\t\t<div class=\"elementor-element elementor-element-c893ebc elementor-widget elementor-widget-text-editor\" data-id=\"c893ebc\" data-element_type=\"widget\" data-e-type=\"widget\" data-widget_type=\"text-editor.default\">\n\t\t\t\t<div class=\"elementor-widget-container\">\n\t\t\t\t\t\t\t\t\t<p>Nuestra dedicaci\u00f3n a la calidad y la excelencia es evidente en cada proyecto que emprendemos. Utilizamos las \u00faltimas tecnolog\u00edas y metodolog\u00edas para asegurar que nuestras soluciones no solo sean actuales, sino tambi\u00e9n preparadas para el futuro. <strong>iPatagonic Consulting Group<\/strong> es tu socio de confianza para navegar el mundo en constante evoluci\u00f3n de la tecnolog\u00eda.<\/p>\t\t\t\t\t\t\t\t<\/div>\n\t\t\t\t<\/div>\n\t\t\t\t\t<\/div>\n\t\t\t\t<\/div>\n\t\t\t\t\t<\/div>\n\t\t\t\t<\/div>\n\t\t\t\t\t<\/div>\n\t\t\t\t<\/div>\n\t\t\t\t<\/div>\n\t\t","protected":false},"excerpt":{"rendered":"<p>Acerca de iPatagonic Consulting Group iPatagonic Consulting Group es un proveedor l\u00edder de soluciones innovadoras de TI, dedicado a mejorar las operaciones comerciales a trav\u00e9s de tecnolog\u00eda de vanguardia. Fundado en 2011, nuestra misi\u00f3n ha sido empoderar a las empresas mediante la entrega de soluciones tecnol\u00f3gicas eficientes y escalables que impulsen el progreso y la [&hellip;]<\/p>\n","protected":false},"author":1,"featured_media":0,"parent":0,"menu_order":0,"comment_status":"closed","ping_status":"closed","template":"","meta":{"_acf_changed":false,"footnotes":""},"class_list":["post-1641","page","type-page","status-publish","hentry"],"acf":[],"publishpress_future_action":{"enabled":false,"date":"2026-04-27 01:30:31","action":"change-status","newStatus":"draft","terms":[],"taxonomy":"translation_priority","extraData":[]},"publishpress_future_workflow_manual_trigger":{"enabledWorkflows":[]},"_links":{"self":[{"href":"https:\/\/ipatagonic.com\/es\/wp-json\/wp\/v2\/pages\/1641","targetHints":{"allow":["GET"]}}],"collection":[{"href":"https:\/\/ipatagonic.com\/es\/wp-json\/wp\/v2\/pages"}],"about":[{"href":"https:\/\/ipatagonic.com\/es\/wp-json\/wp\/v2\/types\/page"}],"author":[{"embeddable":true,"href":"https:\/\/ipatagonic.com\/es\/wp-json\/wp\/v2\/users\/1"}],"replies":[{"embeddable":true,"href":"https:\/\/ipatagonic.com\/es\/wp-json\/wp\/v2\/comments?post=1641"}],"version-history":[{"count":4,"href":"https:\/\/ipatagonic.com\/es\/wp-json\/wp\/v2\/pages\/1641\/revisions"}],"predecessor-version":[{"id":1645,"href":"https:\/\/ipatagonic.com\/es\/wp-json\/wp\/v2\/pages\/1641\/revisions\/1645"}],"wp:attachment":[{"href":"https:\/\/ipatagonic.com\/es\/wp-json\/wp\/v2\/media?parent=1641"}],"curies":[{"name":"wp","href":"https:\/\/api.w.org\/{rel}","templated":true}]}}