{"id":1618,"date":"2024-05-14T15:04:44","date_gmt":"2024-05-14T18:04:44","guid":{"rendered":"https:\/\/ipatagonic.com\/our-work\/"},"modified":"2024-07-03T17:13:46","modified_gmt":"2024-07-03T20:13:46","slug":"nuestro-trabajo","status":"publish","type":"page","link":"https:\/\/ipatagonic.com\/es\/nuestro-trabajo\/","title":{"rendered":"Nuestro trabajo"},"content":{"rendered":"\t\t<div data-elementor-type=\"wp-page\" data-elementor-id=\"1618\" class=\"elementor elementor-1618 elementor-21\" data-elementor-post-type=\"page\">\n\t\t\t\t<div class=\"elementor-element elementor-element-2b1ef78 e-flex e-con-boxed e-con e-parent\" data-id=\"2b1ef78\" data-element_type=\"container\" data-e-type=\"container\">\n\t\t\t\t\t<div class=\"e-con-inner\">\n\t\t<div class=\"elementor-element elementor-element-b6d8930 e-con-full e-flex e-con e-child\" data-id=\"b6d8930\" data-element_type=\"container\" data-e-type=\"container\" data-settings=\"{&quot;background_background&quot;:&quot;video&quot;,&quot;background_video_link&quot;:&quot;https:\\\/\\\/ipatagonic.com\\\/wp-content\\\/uploads\\\/2024\\\/06\\\/8675556-hd_1920_1080_30fps.mp4&quot;,&quot;background_video_start&quot;:0,&quot;background_play_on_mobile&quot;:&quot;yes&quot;}\">\n\t\t<div class=\"elementor-background-video-container\">\n\t\t\t\t\t\t\t<video class=\"elementor-background-video-hosted\" role=\"presentation\" autoplay muted playsinline loop><\/video>\n\t\t\t\t\t<\/div>\t\t<div class=\"elementor-element elementor-element-1c256b2 elementor-widget elementor-widget-heading\" data-id=\"1c256b2\" data-element_type=\"widget\" data-e-type=\"widget\" data-widget_type=\"heading.default\">\n\t\t\t\t<div class=\"elementor-widget-container\">\n\t\t\t\t\t<h2 class=\"elementor-heading-title elementor-size-default\">C\u00d3MO TRABAJAMOS<\/h2>\t\t\t\t<\/div>\n\t\t\t\t<\/div>\n\t\t\t\t<div class=\"elementor-element elementor-element-eefb5e8 elementor-widget elementor-widget-ucaddon_gradient_text_effect\" data-id=\"eefb5e8\" data-element_type=\"widget\" data-e-type=\"widget\" data-widget_type=\"ucaddon_gradient_text_effect.default\">\n\t\t\t\t<div class=\"elementor-widget-container\">\n\t\t\t\t\t\n<!-- start Gradient Text Effect -->\n<style>\/* widget: Gradient Text Effect *\/\n\n#uc_gradient_text_effect_elementor_eefb5e8 .ue_gradient_text{\n  color: #E9EEED;\n}\n\n@supports ((background-clip: text) or (-webkit-background-clip: text)) and ((text-fill-color: transparent) or (-webkit-text-fill-color: transparent)) {\n  #uc_gradient_text_effect_elementor_eefb5e8 .ue_gradient_text{\n    background-image: linear-gradient(\n      90deg,\n      #E9EEED 0%,\n      #FFFFFF 100%\n    );\n    background-size: cover;\n    -webkit-background-clip: text;\n    background-clip: text;\n    -webkit-text-fill-color: transparent;\n    text-fill-color: transparent;\n    display:inline-block;\n    \n  }\n  #uc_gradient_text_effect_elementor_eefb5e8 .ue_gradient_text::selection {\n    -webkit-text-fill-color: #474747;\n  }\n}\n\n<\/style>\n\n<div id=\"uc_gradient_text_effect_elementor_eefb5e8\" class=\"ue-text\">\n  <span class=\"ue_beginning_text\"> <\/span> \n  <span class=\"ue_gradient_text\"> El pensamiento de dise\u00f1o es nuestra herramienta <\/span>\n  <span class=\"ue_ending_text\">  <\/span>\n<\/div>\n<!-- end Gradient Text Effect -->\t\t\t\t<\/div>\n\t\t\t\t<\/div>\n\t\t\t\t<\/div>\n\t\t\t\t\t<\/div>\n\t\t\t\t<\/div>\n\t\t<div class=\"elementor-element elementor-element-0dacf8a e-flex e-con-boxed e-con e-parent\" data-id=\"0dacf8a\" data-element_type=\"container\" data-e-type=\"container\" data-settings=\"{&quot;background_background&quot;:&quot;classic&quot;}\">\n\t\t\t\t\t<div class=\"e-con-inner\">\n\t\t<div class=\"elementor-element elementor-element-837c2a9 e-con-full e-flex e-con e-child\" data-id=\"837c2a9\" data-element_type=\"container\" data-e-type=\"container\">\n\t\t<div class=\"elementor-element elementor-element-c578129 e-con-full e-flex e-con e-child\" data-id=\"c578129\" data-element_type=\"container\" data-e-type=\"container\">\n\t\t\t\t<div class=\"elementor-element elementor-element-230bca3 elementor-invisible elementor-widget elementor-widget-ucaddon_typewriter_text_effect\" data-id=\"230bca3\" data-element_type=\"widget\" data-e-type=\"widget\" data-settings=\"{&quot;_animation&quot;:&quot;fadeIn&quot;,&quot;_animation_delay&quot;:1000}\" data-widget_type=\"ucaddon_typewriter_text_effect.default\">\n\t\t\t\t<div class=\"elementor-widget-container\">\n\t\t\t\t\t\n<!-- start Typewriter Text Effect -->\n<style>\/* widget: Typewriter Text Effect *\/\n\n#uc_typewriter_text_effect_elementor_230bca3 .typed-cursor{\n\topacity: 1;\n\t-webkit-animation: blink 0.7s infinite;\n\t-moz-animation: blink 0.7s infinite;\n\t-ms-animation: blink 0.7s infinite;\n\t-o-animation: blink 0.7s infinite;\n\tanimation: blink 0.7s infinite;\n}\n#uc_typewriter_text_effect_elementor_230bca3 .typed-cursor.ue_typecursor_hide{\n\tdisplay:none;\n}\n@keyframes blink{\n\t0% { opacity:1; }\n\t50% { opacity:0; }\n\t100% { opacity:1; }\n}\n@-webkit-keyframes blink{\n\t0% { opacity:1; }\n\t50% { opacity:0; }\n\t100% { opacity:1; }\n}\n@-moz-keyframes blink{\n\t0% { opacity:1; }\n\t50% { opacity:0; }\n\t100% { opacity:1; }\n}\n@-ms-keyframes blink{\n\t0% { opacity:1; }\n\t50% { opacity:0; }\n\t100% { opacity:1; }\n}\n@-o-keyframes blink{\n\t0% { opacity:1; }\n\t50% { opacity:0; }\n\t100% { opacity:1; }\n}\n\n\n\n<\/style>\n\n<div id=\"uc_typewriter_text_effect_elementor_230bca3\" class=\"uc-typewriter\">\n  <span class=\"begining_text\"> <\/span> \n  <span class=\"uc-typewriter-element\">Desatando la innovaci\u00f3n a trav\u00e9s del dise\u00f1o centrado en el ser humano <\/span>  \n  <span class=\"ending_text\"> <\/span> \n<\/div>\n<!-- end Typewriter Text Effect -->\t\t\t\t<\/div>\n\t\t\t\t<\/div>\n\t\t\t\t<div class=\"elementor-element elementor-element-513609b elementor-widget elementor-widget-text-editor\" data-id=\"513609b\" data-element_type=\"widget\" data-e-type=\"widget\" data-widget_type=\"text-editor.default\">\n\t\t\t\t<div class=\"elementor-widget-container\">\n\t\t\t\t\t\t\t\t\t<p>En una era donde las expectativas del cliente est\u00e1n en constante evoluci\u00f3n y el panorama digital est\u00e1 en constante cambio, las empresas enfrentan el desaf\u00edo de <strong>mantenerse a la vanguardia en innovaci\u00f3n mientras satisfacen las necesidades matizadas de sus usuarios.<\/strong> El pensamiento de dise\u00f1o emerge como un enfoque transformador, defendiendo una metodolog\u00eda centrada en el ser humano para la <strong>resoluci\u00f3n de problemas que fomenta la creatividad, el pensamiento estrat\u00e9gico y la innovaci\u00f3n.<\/strong><\/p><p><br \/>En el coraz\u00f3n del pensamiento de dise\u00f1o est\u00e1 la creencia de que para desarrollar soluciones realmente impactantes, uno debe comenzar con una comprensi\u00f3n profunda de las personas para quienes se dise\u00f1an los productos o servicios. Este enfoque impulsado por la empat\u00eda asegura que las <strong>soluciones no solo sean t\u00e9cnicamente factibles y econ\u00f3micamente viables, sino tambi\u00e9n deseables desde la perspectiva del usuario.<\/strong><\/p>\t\t\t\t\t\t\t\t<\/div>\n\t\t\t\t<\/div>\n\t\t\t\t<\/div>\n\t\t<div class=\"elementor-element elementor-element-6a02183 e-con-full e-flex elementor-invisible e-con e-child\" data-id=\"6a02183\" data-element_type=\"container\" data-e-type=\"container\" data-settings=\"{&quot;background_background&quot;:&quot;video&quot;,&quot;background_video_link&quot;:&quot;https:\\\/\\\/ipatagonic.com\\\/wp-content\\\/uploads\\\/2024\\\/06\\\/Our-work.mp4&quot;,&quot;animation&quot;:&quot;fadeInRight&quot;}\">\n\t\t<div class=\"elementor-background-video-container elementor-hidden-mobile\">\n\t\t\t\t\t\t\t<video class=\"elementor-background-video-hosted\" role=\"presentation\" autoplay muted playsinline loop><\/video>\n\t\t\t\t\t<\/div>\t\t<\/div>\n\t\t\t\t<\/div>\n\t\t\t\t<div class=\"elementor-element elementor-element-8eb94f6 e-n-tabs-mobile elementor-widget elementor-widget-n-tabs\" data-id=\"8eb94f6\" data-element_type=\"widget\" data-e-type=\"widget\" data-widget_type=\"nested-tabs.default\">\n\t\t\t\t<div class=\"elementor-widget-container\">\n\t\t\t\t\t\t\t<div class=\"e-n-tabs\" data-widget-number=\"149656822\" aria-label=\"Pesta\u00f1as. Abre elementos con Intro o Espacio, ci\u00e9rralos con Escape y navega con las fechas.\">\n\t\t\t<div class=\"e-n-tabs-heading\" role=\"tablist\">\n\t\t\t\t\t<button id=\"e-n-tab-title-1496568221\" data-tab-title-id=\"e-n-tab-title-1496568221\" class=\"e-n-tab-title\" aria-selected=\"true\" data-tab-index=\"1\" role=\"tab\" tabindex=\"0\" aria-controls=\"e-n-tab-content-1496568221\" style=\"--n-tabs-title-order: 1;\">\n\t\t\t\t\t\t<span class=\"e-n-tab-title-text\">\n\t\t\t\tPrincipios clave del pensamiento de dise\u00f1o\t\t\t<\/span>\n\t\t<\/button>\n\t\t\t\t<button id=\"e-n-tab-title-1496568222\" data-tab-title-id=\"e-n-tab-title-1496568222\" class=\"e-n-tab-title\" aria-selected=\"false\" data-tab-index=\"2\" role=\"tab\" tabindex=\"-1\" aria-controls=\"e-n-tab-content-1496568222\" style=\"--n-tabs-title-order: 2;\">\n\t\t\t\t\t\t<span class=\"e-n-tab-title-text\">\n\t\t\t\t\u00bfPor qu\u00e9 asociarse con nuestros servicios de consultor\u00eda de TI para pensamiento  de dise\u00f1o?\t\t\t<\/span>\n\t\t<\/button>\n\t\t\t\t\t<\/div>\n\t\t\t<div class=\"e-n-tabs-content\">\n\t\t\t\t<div id=\"e-n-tab-content-1496568221\" role=\"tabpanel\" aria-labelledby=\"e-n-tab-title-1496568221\" data-tab-index=\"1\" style=\"--n-tabs-title-order: 1;\" class=\"e-active elementor-element elementor-element-c132244 e-con-full e-flex elementor-invisible e-con e-child\" data-id=\"c132244\" data-element_type=\"container\" data-e-type=\"container\" data-settings=\"{&quot;animation&quot;:&quot;fadeIn&quot;}\">\n\t\t\t\t<div class=\"elementor-element elementor-element-de48ff2 elementor-widget elementor-widget-text-editor\" data-id=\"de48ff2\" data-element_type=\"widget\" data-e-type=\"widget\" data-widget_type=\"text-editor.default\">\n\t\t\t\t<div class=\"elementor-widget-container\">\n\t\t\t\t\t\t\t\t\t<ul><li><p><b>Empat\u00eda con los usuarios: <\/b>Adquiriendo una comprensi\u00f3n profunda de las necesidades, comportamientos y emociones del usuario para guiar las decisiones de dise\u00f1o.<\/p><\/li><li><p><b>Definici\u00f3n del problema: <\/b>Definir el problema correcto a resolver, yendo m\u00e1s all\u00e1 de las suposiciones para descubrir el verdadero desaf\u00edo.<\/p><\/li><li><p><b>Ideaci\u00f3n: <\/b>Generar una amplia gama de soluciones creativas a trav\u00e9s de la lluvia de ideas y el pensamiento colaborativo.<\/p><\/li><li><p><b>Prototipado:<\/b>\u00a0Crear prototipos r\u00e1pidos y de baja fidelidad para visualizar soluciones y probar conceptos con los usuarios.<\/p><\/li><li><p><b>Pruebas: <\/b>Probar iterativamente los prototipos con usuarios reales para recopilar retroalimentaci\u00f3n, aprender y refinar soluciones.<\/p><\/li><\/ul>\t\t\t\t\t\t\t\t<\/div>\n\t\t\t\t<\/div>\n\t\t\t\t<\/div>\n\t\t<div id=\"e-n-tab-content-1496568222\" role=\"tabpanel\" aria-labelledby=\"e-n-tab-title-1496568222\" data-tab-index=\"2\" style=\"--n-tabs-title-order: 2;\" class=\" elementor-element elementor-element-9dc6010 e-con-full e-flex elementor-invisible e-con e-child\" data-id=\"9dc6010\" data-element_type=\"container\" data-e-type=\"container\" data-settings=\"{&quot;animation&quot;:&quot;fadeIn&quot;}\">\n\t\t\t\t<div class=\"elementor-element elementor-element-6404084 elementor-widget elementor-widget-text-editor\" data-id=\"6404084\" data-element_type=\"widget\" data-e-type=\"widget\" data-widget_type=\"text-editor.default\">\n\t\t\t\t<div class=\"elementor-widget-container\">\n\t\t\t\t\t\t\t\t\t<p>Nuestros servicios de consultor\u00eda de TI est\u00e1n dise\u00f1ados para aprovechar el poder del pensamiento de dise\u00f1o para tu negocio, asegurando que la innovaci\u00f3n no sea solo una palabra de moda, sino un <strong>enfoque pr\u00e1ctico para resolver problemas complejos.<\/strong> Guiamos a las organizaciones a trav\u00e9s del proceso de pensamiento de dise\u00f1o, desde la empat\u00eda hasta las pruebas, con un enfoque en crear soluciones que resuenen con los usuarios y impulsen el \u00e9xito empresarial. Nuestro enfoque incluye:<\/p><ul><li>Realizar investigaciones inmersivas para comprender profundamente a tus usuarios.<\/li><li>Facilitar talleres de ideaci\u00f3n para fomentar la generaci\u00f3n de soluciones creativas.<\/li><li>Prototipado r\u00e1pido para dar vida a las ideas e iterar en funci\u00f3n de la retroalimentaci\u00f3n del usuario.<\/li><li>Implementaci\u00f3n estrat\u00e9gica para asegurar que las soluciones sean escalables e impactantes.<\/li><\/ul><p>Creemos que el Design Thinking es m\u00e1s que una metodolog\u00eda; es una mentalidad que fomenta la curiosidad, la colaboraci\u00f3n y la orientaci\u00f3n al cliente. Nuestro equipo de expertos est\u00e1 comprometido a guiarte a trav\u00e9s de este viaje, empoderando a tu organizaci\u00f3n para innovar con prop\u00f3sito y crear experiencias significativas para los usuarios.<\/p>\t\t\t\t\t\t\t\t<\/div>\n\t\t\t\t<\/div>\n\t\t\t\t<\/div>\n\t\t\t\t\t<\/div>\n\t\t<\/div>\n\t\t\t\t\t\t<\/div>\n\t\t\t\t<\/div>\n\t\t\t\t\t<\/div>\n\t\t\t\t<\/div>\n\t\t\t\t<\/div>\n\t\t","protected":false},"excerpt":{"rendered":"<p>C\u00d3MO TRABAJAMOS El pensamiento de dise\u00f1o es nuestra herramienta Desatando la innovaci\u00f3n a trav\u00e9s del dise\u00f1o centrado en el ser humano En una era donde las expectativas del cliente est\u00e1n en constante evoluci\u00f3n y el panorama digital est\u00e1 en constante cambio, las empresas enfrentan el desaf\u00edo de mantenerse a la vanguardia en innovaci\u00f3n mientras satisfacen [&hellip;]<\/p>\n","protected":false},"author":1,"featured_media":0,"parent":0,"menu_order":0,"comment_status":"closed","ping_status":"closed","template":"","meta":{"_acf_changed":false,"footnotes":""},"class_list":["post-1618","page","type-page","status-publish","hentry"],"acf":[],"publishpress_future_action":{"enabled":false,"date":"2026-04-27 03:09:14","action":"change-status","newStatus":"draft","terms":[],"taxonomy":"translation_priority","extraData":[]},"publishpress_future_workflow_manual_trigger":{"enabledWorkflows":[]},"_links":{"self":[{"href":"https:\/\/ipatagonic.com\/es\/wp-json\/wp\/v2\/pages\/1618","targetHints":{"allow":["GET"]}}],"collection":[{"href":"https:\/\/ipatagonic.com\/es\/wp-json\/wp\/v2\/pages"}],"about":[{"href":"https:\/\/ipatagonic.com\/es\/wp-json\/wp\/v2\/types\/page"}],"author":[{"embeddable":true,"href":"https:\/\/ipatagonic.com\/es\/wp-json\/wp\/v2\/users\/1"}],"replies":[{"embeddable":true,"href":"https:\/\/ipatagonic.com\/es\/wp-json\/wp\/v2\/comments?post=1618"}],"version-history":[{"count":19,"href":"https:\/\/ipatagonic.com\/es\/wp-json\/wp\/v2\/pages\/1618\/revisions"}],"predecessor-version":[{"id":1640,"href":"https:\/\/ipatagonic.com\/es\/wp-json\/wp\/v2\/pages\/1618\/revisions\/1640"}],"wp:attachment":[{"href":"https:\/\/ipatagonic.com\/es\/wp-json\/wp\/v2\/media?parent=1618"}],"curies":[{"name":"wp","href":"https:\/\/api.w.org\/{rel}","templated":true}]}}